{"id":579,"date":"2020-09-08T17:51:04","date_gmt":"2020-09-08T15:51:04","guid":{"rendered":"http:\/\/lou5g.com\/?page_id=579"},"modified":"2025-02-06T17:45:42","modified_gmt":"2025-02-06T16:45:42","slug":"mentions-legales","status":"publish","type":"page","link":"https:\/\/www.next-tower.com\/index.php\/mentions-legales\/","title":{"rendered":"Mentions L\u00e9gales"},"content":{"rendered":"<p>[et_pb_section fb_built=&#8221;1&#8243; admin_label=&#8221;Section&#8221; _builder_version=&#8221;4.6.0&#8243; _module_preset=&#8221;default&#8221; da_disable_devices=&#8221;off|off|off&#8221; da_is_popup=&#8221;off&#8221; da_exit_intent=&#8221;off&#8221; da_has_close=&#8221;on&#8221; da_alt_close=&#8221;off&#8221; da_dark_close=&#8221;off&#8221; da_not_modal=&#8221;on&#8221; da_is_singular=&#8221;off&#8221; da_with_loader=&#8221;off&#8221; da_has_shadow=&#8221;on&#8221;][et_pb_row _builder_version=&#8221;4.6.0&#8243; _module_preset=&#8221;default&#8221;][et_pb_column type=&#8221;4_4&#8243; _builder_version=&#8221;4.6.0&#8243; _module_preset=&#8221;default&#8221;][et_pb_text admin_label=&#8221;Text&#8221; _builder_version=&#8221;4.6.0&#8243; _module_preset=&#8221;default&#8221; header_text_color=&#8221;#003155&#8243; header_font_size=&#8221;50px&#8221; header_2_text_color=&#8221;#003155&#8243; header_2_font_size=&#8221;40px&#8221; header_3_text_color=&#8221;#003155&#8243; header_3_font_size=&#8221;25px&#8221;]<\/p>\n<h1>Mentions l\u00e9gales<\/h1>\n<p>&nbsp;<\/p>\n<p>Le Site est \u00e9dit\u00e9 par la soci\u00e9t\u00e9 Carmila, Soci\u00e9t\u00e9 par Actions Simplifi\u00e9e au capital de 653 209 374 \u20ac, dont le si\u00e8ge social est au 25, rue d&#8217;Astorg, 75008 PARIS, immatricul\u00e9e au registre du commerce et des soci\u00e9t\u00e9s de Nanterre sous le num\u00e9ro RCS 381 844 471.<\/p>\n<p>Directeur de la publication : Marie Cheval, Pr\u00e9sident-directeur G\u00e9n\u00e9ral de Carmila<\/p>\n<p>Responsable de la r\u00e9daction : Elodie Arcayna, Directrice RSE &amp; Communication<\/p>\n<p>Conception-d\u00e9veloppement : <a href=\"https:\/\/www.grafikmente.fr\/\" target=\"_blank\" rel=\"noopener noreferrer\">Grafikmente<\/a><\/p>\n<p>&nbsp;<\/p>\n<h3>H\u00e9bergement :<\/h3>\n<p>OVH SAS au capital de 10 000 000 \u20ac RCS Roubaix \u2013 Tourcoing 424 761 419 00045<\/p>\n<p>Code APE 6202A \u2013 N\u00b0 TVA : FR 22 424 761 419<\/p>\n<p>Si\u00e8ge social : 2 rue Kellermann 59100 Roubaix \u2013 France<\/p>\n<p>Tel : +33 9 72 10 10 07<\/p>\n<p>&nbsp;<\/p>\n<h2>Conditions g\u00e9n\u00e9rales d\u2019utilisation<\/h2>\n<p>&nbsp;<\/p>\n<h3>Pr\u00e9sentation du site :<\/h3>\n<p>Le site internet sur lequel vous venez de vous connecter a \u00e9t\u00e9 \u00e9labor\u00e9 par Carmila au profit de tous les internautes d\u00e9sireux de mieux conna\u00eetre ses activit\u00e9s immobili\u00e8res. Il n\u2019est en aucun cas un site marchand.<\/p>\n<p>Les pr\u00e9sentes conditions g\u00e9n\u00e9rales s\u2019appliquent \u00e0 toute utilisation du site. Toute utilisation du site implique l\u2019acceptation pleine et enti\u00e8re par l\u2019internaute (\u00ab l\u2019Utilisateur \u00bb) des pr\u00e9sentes Conditions G\u00e9n\u00e9rales d\u2019Utilisation (ci-apr\u00e8s \u00ab les Conditions G\u00e9n\u00e9rales \u00bb). Ces conditions g\u00e9n\u00e9rales pourront \u00e0 tout moment \u00eatre modifi\u00e9es par Carmila, ce que l\u2019Utilisateur accepte.<\/p>\n<p>&nbsp;<\/p>\n<h3>Pr\u00e9sentation des donn\u00e9es personnelles :<\/h3>\n<p>Les donn\u00e9es personnelles \u00e9ventuellement communiqu\u00e9es par l\u2019Utilisateur lors de l\u2019utilisation du Site sont collect\u00e9es et trait\u00e9es par Carmila. En nous communiquant ses donn\u00e9es personnelles, collect\u00e9es dans le cadre de la fourniture de l\u2019utilisation du site par l\u2019Utilisateur, ce dernier accepte son utilisation par Carmila, pour :<\/p>\n<p>\u00b7 Les besoins de la fourniture des Services propos\u00e9s par le site et de leurs traitements,<\/p>\n<p>\u00b7 Mesurer l\u2019audience du site, par l\u2019analyse du nombre de pages vues, du nombre de visiteurs\/utilisateurs, leur activit\u00e9 \u00e0 partir du site etc.,<\/p>\n<p>\u00b7 Pour assurer la s\u00e9curit\u00e9 du site, ou pour respecter nos obligations l\u00e9gales et r\u00e8glementaires applicables en la mati\u00e8re,<\/p>\n<p>\u00b7 Pour g\u00e9rer l\u2019exercice des droits d\u2019acc\u00e8s de rectification et d\u2019opposition des Utilisateurs concern\u00e9s.<\/p>\n<p>Les champs mentionn\u00e9s d\u2019un ast\u00e9risque sur les diff\u00e9rents formulaires que nous pourrions demander \u00e0 l\u2019Utilisateur de remplir, sont obligatoires pour que le site fournisse le ou les Services correspondants, d\u2019autres donn\u00e9es sont collect\u00e9es au travers de l\u2019utilisation du Site par l\u2019Utilisateur et de mani\u00e8re automatique via le syst\u00e8me mis en place pour fournir les services propos\u00e9s.<\/p>\n<p>Les donn\u00e9es collect\u00e9es et trait\u00e9es par le Site sont notamment, les donn\u00e9es que l\u2019Utilisateur a fourni pour b\u00e9n\u00e9ficier du Service ou celles collect\u00e9es automatiquement via l\u2019utilisation du Site.<\/p>\n<p>Les donn\u00e9es collect\u00e9es concernant l\u2019Utilisateur sont destin\u00e9es \u00e0 Carmila, et aux diff\u00e9rents services internes ou externes tels que nos prestataires qui interviennent dans le cadre de la fourniture des Services propos\u00e9s.<\/p>\n<p>Conform\u00e9ment aux dispositions de la loi Informatique et Libert\u00e9s n\u00b0 78-17 du 6 janvier 1978 modifi\u00e9e par la loi du 6 ao\u00fbt 2004, l\u2019Utilisateur b\u00e9n\u00e9fice d\u2019un droit d\u2019acc\u00e8s, de rectification et d\u2019opposition pour des motifs l\u00e9gitimes, au traitement de ses donn\u00e9es personnelles. L\u2019Utilisateur peut exercer ces droits aupr\u00e8s de Carmila.<\/p>\n<p>Ces demandes doivent \u00eatre sign\u00e9es et \u00eatre accompagn\u00e9es d\u2019un justificatif d\u2019identit\u00e9, sur laquelle est appos\u00e9e la signature de l\u2019Utilisateur, et comprendre les informations n\u00e9cessaires pour nous permettre d\u2019y r\u00e9pondre et \u00eatre adress\u00e9es \u00e0 : Carmila, Direction Communication, 58 avenue Emile Zola, 92100 Boulogne-Billancourt, France.<\/p>\n<p>[\/et_pb_text][\/et_pb_column][\/et_pb_row][\/et_pb_section]<\/p>\n","protected":false},"excerpt":{"rendered":"<p>[et_pb_section fb_built=&#8221;1&#8243; admin_label=&#8221;Section&#8221; _builder_version=&#8221;4.6.0&#8243; _module_preset=&#8221;default&#8221; da_disable_devices=&#8221;off|off|off&#8221; da_is_popup=&#8221;off&#8221; da_exit_intent=&#8221;off&#8221; da_has_close=&#8221;on&#8221; da_alt_close=&#8221;off&#8221; da_dark_close=&#8221;off&#8221; da_not_modal=&#8221;on&#8221; da_is_singular=&#8221;off&#8221; da_with_loader=&#8221;off&#8221; da_has_shadow=&#8221;on&#8221;][et_pb_row _builder_version=&#8221;4.6.0&#8243; _module_preset=&#8221;default&#8221;][et_pb_column type=&#8221;4_4&#8243; _builder_version=&#8221;4.6.0&#8243; _module_preset=&#8221;default&#8221;][et_pb_text admin_label=&#8221;Text&#8221; _builder_version=&#8221;4.6.0&#8243; _module_preset=&#8221;default&#8221; header_text_color=&#8221;#003155&#8243; header_font_size=&#8221;50px&#8221; header_2_text_color=&#8221;#003155&#8243; header_2_font_size=&#8221;40px&#8221; header_3_text_color=&#8221;#003155&#8243; header_3_font_size=&#8221;25px&#8221;] Mentions l\u00e9gales &nbsp; Le Site est \u00e9dit\u00e9 par la soci\u00e9t\u00e9 Carmila, Soci\u00e9t\u00e9 par Actions Simplifi\u00e9e au capital de 653 209 374 \u20ac, dont le si\u00e8ge social [&hellip;]<\/p>\n","protected":false},"author":1,"featured_media":0,"parent":0,"menu_order":0,"comment_status":"closed","ping_status":"closed","template":"","meta":{"_et_pb_use_builder":"on","_et_pb_old_content":"","_et_gb_content_width":""},"yoast_head":"<!-- This site is optimized with the Yoast SEO plugin v17.8 - https:\/\/yoast.com\/wordpress\/plugins\/seo\/ -->\n<title>Mentions L\u00e9gales - Next Tower<\/title>\n<meta name=\"robots\" content=\"index, follow, max-snippet:-1, max-image-preview:large, max-video-preview:-1\" \/>\n<link rel=\"canonical\" href=\"https:\/\/www.next-tower.com\/index.php\/mentions-legales\/\" \/>\n<meta property=\"og:locale\" content=\"en_US\" \/>\n<meta property=\"og:type\" content=\"article\" \/>\n<meta property=\"og:title\" content=\"Mentions L\u00e9gales - Next Tower\" \/>\n<meta property=\"og:description\" content=\"[et_pb_section fb_built=&#8221;1&#8243; admin_label=&#8221;Section&#8221; _builder_version=&#8221;4.6.0&#8243; _module_preset=&#8221;default&#8221; da_disable_devices=&#8221;off|off|off&#8221; da_is_popup=&#8221;off&#8221; da_exit_intent=&#8221;off&#8221; da_has_close=&#8221;on&#8221; da_alt_close=&#8221;off&#8221; da_dark_close=&#8221;off&#8221; da_not_modal=&#8221;on&#8221; da_is_singular=&#8221;off&#8221; da_with_loader=&#8221;off&#8221; da_has_shadow=&#8221;on&#8221;][et_pb_row _builder_version=&#8221;4.6.0&#8243; _module_preset=&#8221;default&#8221;][et_pb_column type=&#8221;4_4&#8243; _builder_version=&#8221;4.6.0&#8243; _module_preset=&#8221;default&#8221;][et_pb_text admin_label=&#8221;Text&#8221; _builder_version=&#8221;4.6.0&#8243; _module_preset=&#8221;default&#8221; header_text_color=&#8221;#003155&#8243; header_font_size=&#8221;50px&#8221; header_2_text_color=&#8221;#003155&#8243; header_2_font_size=&#8221;40px&#8221; header_3_text_color=&#8221;#003155&#8243; header_3_font_size=&#8221;25px&#8221;] Mentions l\u00e9gales &nbsp; Le Site est \u00e9dit\u00e9 par la soci\u00e9t\u00e9 Carmila, Soci\u00e9t\u00e9 par Actions Simplifi\u00e9e au capital de 653 209 374 \u20ac, dont le si\u00e8ge social [&hellip;]\" \/>\n<meta property=\"og:url\" content=\"https:\/\/www.next-tower.com\/index.php\/mentions-legales\/\" \/>\n<meta property=\"og:site_name\" content=\"Next Tower\" \/>\n<meta property=\"article:modified_time\" content=\"2025-02-06T16:45:42+00:00\" \/>\n<meta name=\"twitter:card\" content=\"summary_large_image\" \/>\n<meta name=\"twitter:label1\" content=\"Est. reading time\" \/>\n\t<meta name=\"twitter:data1\" content=\"3 minutes\" \/>\n<script type=\"application\/ld+json\" class=\"yoast-schema-graph\">{\"@context\":\"https:\/\/schema.org\",\"@graph\":[{\"@type\":\"WebSite\",\"@id\":\"https:\/\/www.next-tower.com\/#website\",\"url\":\"https:\/\/www.next-tower.com\/\",\"name\":\"Next Tower\",\"description\":\"Connecter les territoires\",\"potentialAction\":[{\"@type\":\"SearchAction\",\"target\":{\"@type\":\"EntryPoint\",\"urlTemplate\":\"https:\/\/www.next-tower.com\/?s={search_term_string}\"},\"query-input\":\"required name=search_term_string\"}],\"inLanguage\":\"en-US\"},{\"@type\":\"WebPage\",\"@id\":\"https:\/\/www.next-tower.com\/index.php\/mentions-legales\/#webpage\",\"url\":\"https:\/\/www.next-tower.com\/index.php\/mentions-legales\/\",\"name\":\"Mentions L\\u00e9gales - Next Tower\",\"isPartOf\":{\"@id\":\"https:\/\/www.next-tower.com\/#website\"},\"datePublished\":\"2020-09-08T15:51:04+00:00\",\"dateModified\":\"2025-02-06T16:45:42+00:00\",\"breadcrumb\":{\"@id\":\"https:\/\/www.next-tower.com\/index.php\/mentions-legales\/#breadcrumb\"},\"inLanguage\":\"en-US\",\"potentialAction\":[{\"@type\":\"ReadAction\",\"target\":[\"https:\/\/www.next-tower.com\/index.php\/mentions-legales\/\"]}]},{\"@type\":\"BreadcrumbList\",\"@id\":\"https:\/\/www.next-tower.com\/index.php\/mentions-legales\/#breadcrumb\",\"itemListElement\":[{\"@type\":\"ListItem\",\"position\":1,\"name\":\"Accueil\",\"item\":\"https:\/\/www.next-tower.com\/\"},{\"@type\":\"ListItem\",\"position\":2,\"name\":\"Mentions L\\u00e9gales\"}]}]}<\/script>\n<!-- \/ Yoast SEO plugin. -->","yoast_head_json":{"title":"Mentions L\u00e9gales - Next Tower","robots":{"index":"index","follow":"follow","max-snippet":"max-snippet:-1","max-image-preview":"max-image-preview:large","max-video-preview":"max-video-preview:-1"},"canonical":"https:\/\/www.next-tower.com\/index.php\/mentions-legales\/","og_locale":"en_US","og_type":"article","og_title":"Mentions L\u00e9gales - Next Tower","og_description":"[et_pb_section fb_built=&#8221;1&#8243; admin_label=&#8221;Section&#8221; _builder_version=&#8221;4.6.0&#8243; _module_preset=&#8221;default&#8221; da_disable_devices=&#8221;off|off|off&#8221; da_is_popup=&#8221;off&#8221; da_exit_intent=&#8221;off&#8221; da_has_close=&#8221;on&#8221; da_alt_close=&#8221;off&#8221; da_dark_close=&#8221;off&#8221; da_not_modal=&#8221;on&#8221; da_is_singular=&#8221;off&#8221; da_with_loader=&#8221;off&#8221; da_has_shadow=&#8221;on&#8221;][et_pb_row _builder_version=&#8221;4.6.0&#8243; _module_preset=&#8221;default&#8221;][et_pb_column type=&#8221;4_4&#8243; _builder_version=&#8221;4.6.0&#8243; _module_preset=&#8221;default&#8221;][et_pb_text admin_label=&#8221;Text&#8221; _builder_version=&#8221;4.6.0&#8243; _module_preset=&#8221;default&#8221; header_text_color=&#8221;#003155&#8243; header_font_size=&#8221;50px&#8221; header_2_text_color=&#8221;#003155&#8243; header_2_font_size=&#8221;40px&#8221; header_3_text_color=&#8221;#003155&#8243; header_3_font_size=&#8221;25px&#8221;] Mentions l\u00e9gales &nbsp; Le Site est \u00e9dit\u00e9 par la soci\u00e9t\u00e9 Carmila, Soci\u00e9t\u00e9 par Actions Simplifi\u00e9e au capital de 653 209 374 \u20ac, dont le si\u00e8ge social [&hellip;]","og_url":"https:\/\/www.next-tower.com\/index.php\/mentions-legales\/","og_site_name":"Next Tower","article_modified_time":"2025-02-06T16:45:42+00:00","twitter_card":"summary_large_image","twitter_misc":{"Est. reading time":"3 minutes"},"schema":{"@context":"https:\/\/schema.org","@graph":[{"@type":"WebSite","@id":"https:\/\/www.next-tower.com\/#website","url":"https:\/\/www.next-tower.com\/","name":"Next Tower","description":"Connecter les territoires","potentialAction":[{"@type":"SearchAction","target":{"@type":"EntryPoint","urlTemplate":"https:\/\/www.next-tower.com\/?s={search_term_string}"},"query-input":"required name=search_term_string"}],"inLanguage":"en-US"},{"@type":"WebPage","@id":"https:\/\/www.next-tower.com\/index.php\/mentions-legales\/#webpage","url":"https:\/\/www.next-tower.com\/index.php\/mentions-legales\/","name":"Mentions L\u00e9gales - Next Tower","isPartOf":{"@id":"https:\/\/www.next-tower.com\/#website"},"datePublished":"2020-09-08T15:51:04+00:00","dateModified":"2025-02-06T16:45:42+00:00","breadcrumb":{"@id":"https:\/\/www.next-tower.com\/index.php\/mentions-legales\/#breadcrumb"},"inLanguage":"en-US","potentialAction":[{"@type":"ReadAction","target":["https:\/\/www.next-tower.com\/index.php\/mentions-legales\/"]}]},{"@type":"BreadcrumbList","@id":"https:\/\/www.next-tower.com\/index.php\/mentions-legales\/#breadcrumb","itemListElement":[{"@type":"ListItem","position":1,"name":"Accueil","item":"https:\/\/www.next-tower.com\/"},{"@type":"ListItem","position":2,"name":"Mentions L\u00e9gales"}]}]}},"_links":{"self":[{"href":"https:\/\/www.next-tower.com\/index.php\/wp-json\/wp\/v2\/pages\/579"}],"collection":[{"href":"https:\/\/www.next-tower.com\/index.php\/wp-json\/wp\/v2\/pages"}],"about":[{"href":"https:\/\/www.next-tower.com\/index.php\/wp-json\/wp\/v2\/types\/page"}],"author":[{"embeddable":true,"href":"https:\/\/www.next-tower.com\/index.php\/wp-json\/wp\/v2\/users\/1"}],"replies":[{"embeddable":true,"href":"https:\/\/www.next-tower.com\/index.php\/wp-json\/wp\/v2\/comments?post=579"}],"version-history":[{"count":10,"href":"https:\/\/www.next-tower.com\/index.php\/wp-json\/wp\/v2\/pages\/579\/revisions"}],"predecessor-version":[{"id":857,"href":"https:\/\/www.next-tower.com\/index.php\/wp-json\/wp\/v2\/pages\/579\/revisions\/857"}],"wp:attachment":[{"href":"https:\/\/www.next-tower.com\/index.php\/wp-json\/wp\/v2\/media?parent=579"}],"curies":[{"name":"wp","href":"https:\/\/api.w.org\/{rel}","templated":true}]}}